{"id":55,"date":"2021-03-16T17:50:46","date_gmt":"2021-03-16T16:50:46","guid":{"rendered":"http:\/\/www.grupoelteide.com\/supermercado\/?page_id=55"},"modified":"2022-09-10T12:23:03","modified_gmt":"2022-09-10T11:23:03","slug":"principal","status":"publish","type":"page","link":"https:\/\/www.grupoelteide.com\/supermercado\/","title":{"rendered":"Principal"},"content":{"rendered":"\t\t<div data-elementor-type=\"wp-page\" data-elementor-id=\"55\" class=\"elementor elementor-55\">\n\t\t\t\t\t\t<section class=\"elementor-section elementor-top-section elementor-element elementor-element-a6a354f elementor-section-full_width elementor-section-stretched elementor-section-height-default elementor-section-height-default\" data-id=\"a6a354f\" data-element_type=\"section\" data-settings=\"{&quot;stretch_section&quot;:&quot;section-stretched&quot;}\">\n\t\t\t\t\t\t<div class=\"elementor-container elementor-column-gap-no\">\n\t\t\t\t\t<div class=\"elementor-column elementor-col-100 elementor-top-column elementor-element elementor-element-19addfb\" data-id=\"19addfb\" data-element_type=\"column\">\n\t\t\t<div class=\"elementor-widget-wrap elementor-element-populated\">\n\t\t\t\t\t\t<div class=\"elementor-element elementor-element-2270733 elementor-widget elementor-widget-image\" data-id=\"2270733\" data-element_type=\"widget\" data-widget_type=\"image.default\">\n\t\t\t\t<div class=\"elementor-widget-container\">\n\t\t\t\t\t\t\t\t\t\t\t\t\t<img fetchpriority=\"high\" decoding=\"async\" width=\"2000\" height=\"800\" src=\"https:\/\/www.grupoelteide.com\/supermercado\/wp-content\/uploads\/supermercado_el_teide_05.jpg\" class=\"attachment-full size-full wp-image-310\" alt=\"\" srcset=\"https:\/\/www.grupoelteide.com\/supermercado\/wp-content\/uploads\/supermercado_el_teide_05.jpg 2000w, https:\/\/www.grupoelteide.com\/supermercado\/wp-content\/uploads\/supermercado_el_teide_05-300x120.jpg 300w, https:\/\/www.grupoelteide.com\/supermercado\/wp-content\/uploads\/supermercado_el_teide_05-1024x410.jpg 1024w, https:\/\/www.grupoelteide.com\/supermercado\/wp-content\/uploads\/supermercado_el_teide_05-768x307.jpg 768w, https:\/\/www.grupoelteide.com\/supermercado\/wp-content\/uploads\/supermercado_el_teide_05-1536x614.jpg 1536w\" sizes=\"(max-width: 2000px) 100vw, 2000px\" \/>\t\t\t\t\t\t\t\t\t\t\t\t\t<\/div>\n\t\t\t\t<\/div>\n\t\t\t\t\t<\/div>\n\t\t<\/div>\n\t\t\t\t\t<\/div>\n\t\t<\/section>\n\t\t\t\t<section class=\"elementor-section elementor-top-section elementor-element elementor-element-32124e7 elementor-section-full_width elementor-section-stretched elementor-section-height-default elementor-section-height-default\" data-id=\"32124e7\" data-element_type=\"section\" data-settings=\"{&quot;background_background&quot;:&quot;classic&quot;,&quot;stretch_section&quot;:&quot;section-stretched&quot;}\">\n\t\t\t\t\t\t<div class=\"elementor-container elementor-column-gap-default\">\n\t\t\t\t\t<div class=\"elementor-column elementor-col-100 elementor-top-column elementor-element elementor-element-27f32e4\" data-id=\"27f32e4\" data-element_type=\"column\">\n\t\t\t<div class=\"elementor-widget-wrap elementor-element-populated\">\n\t\t\t\t\t\t<section class=\"elementor-section elementor-inner-section elementor-element elementor-element-dc8ded2 elementor-section-boxed elementor-section-height-default elementor-section-height-default\" data-id=\"dc8ded2\" data-element_type=\"section\" data-settings=\"{&quot;animation&quot;:&quot;none&quot;}\">\n\t\t\t\t\t\t<div class=\"elementor-container elementor-column-gap-no\">\n\t\t\t\t\t<div class=\"elementor-column elementor-col-50 elementor-inner-column elementor-element elementor-element-8541d86\" data-id=\"8541d86\" data-element_type=\"column\">\n\t\t\t<div class=\"elementor-widget-wrap elementor-element-populated\">\n\t\t\t\t\t\t<div class=\"elementor-element elementor-element-8146c9b elementor-invisible elementor-widget elementor-widget-image\" data-id=\"8146c9b\" data-element_type=\"widget\" data-settings=\"{&quot;_animation&quot;:&quot;fadeIn&quot;}\" data-widget_type=\"image.default\">\n\t\t\t\t<div class=\"elementor-widget-container\">\n\t\t\t\t\t\t\t\t\t\t\t\t\t\t<a href=\"http:\/\/www.grupoelteide.com\/supermercado\/servicio-a-domicilio\/\">\n\t\t\t\t\t\t\t<img decoding=\"async\" width=\"1000\" height=\"600\" src=\"https:\/\/www.grupoelteide.com\/supermercado\/wp-content\/uploads\/servicio_domicilio_01.png\" class=\"elementor-animation-shrink attachment-large size-large wp-image-149\" alt=\"\" srcset=\"https:\/\/www.grupoelteide.com\/supermercado\/wp-content\/uploads\/servicio_domicilio_01.png 1000w, https:\/\/www.grupoelteide.com\/supermercado\/wp-content\/uploads\/servicio_domicilio_01-300x180.png 300w, https:\/\/www.grupoelteide.com\/supermercado\/wp-content\/uploads\/servicio_domicilio_01-768x461.png 768w\" sizes=\"(max-width: 1000px) 100vw, 1000px\" \/>\t\t\t\t\t\t\t\t<\/a>\n\t\t\t\t\t\t\t\t\t\t\t\t\t<\/div>\n\t\t\t\t<\/div>\n\t\t\t\t\t<\/div>\n\t\t<\/div>\n\t\t\t\t<div class=\"elementor-column elementor-col-50 elementor-inner-column elementor-element elementor-element-b323736\" data-id=\"b323736\" data-element_type=\"column\">\n\t\t\t<div class=\"elementor-widget-wrap elementor-element-populated\">\n\t\t\t\t\t\t<div class=\"elementor-element elementor-element-9ed88d5 elementor-invisible elementor-widget elementor-widget-image\" data-id=\"9ed88d5\" data-element_type=\"widget\" data-settings=\"{&quot;_animation&quot;:&quot;fadeIn&quot;}\" data-widget_type=\"image.default\">\n\t\t\t\t<div class=\"elementor-widget-container\">\n\t\t\t\t\t\t\t\t\t\t\t\t\t\t<a href=\"http:\/\/www.grupoelteide.com\/supermercado\/productos\/\">\n\t\t\t\t\t\t\t<img decoding=\"async\" width=\"1000\" height=\"600\" src=\"https:\/\/www.grupoelteide.com\/supermercado\/wp-content\/uploads\/supermercado_tradicion_01.png\" class=\"elementor-animation-shrink attachment-large size-large wp-image-151\" alt=\"\" srcset=\"https:\/\/www.grupoelteide.com\/supermercado\/wp-content\/uploads\/supermercado_tradicion_01.png 1000w, https:\/\/www.grupoelteide.com\/supermercado\/wp-content\/uploads\/supermercado_tradicion_01-300x180.png 300w, https:\/\/www.grupoelteide.com\/supermercado\/wp-content\/uploads\/supermercado_tradicion_01-768x461.png 768w\" sizes=\"(max-width: 1000px) 100vw, 1000px\" \/>\t\t\t\t\t\t\t\t<\/a>\n\t\t\t\t\t\t\t\t\t\t\t\t\t<\/div>\n\t\t\t\t<\/div>\n\t\t\t\t\t<\/div>\n\t\t<\/div>\n\t\t\t\t\t<\/div>\n\t\t<\/section>\n\t\t\t\t\t<\/div>\n\t\t<\/div>\n\t\t\t\t\t<\/div>\n\t\t<\/section>\n\t\t\t\t<section class=\"elementor-section elementor-top-section elementor-element elementor-element-afd48c6 elementor-section-boxed elementor-section-height-default elementor-section-height-default\" data-id=\"afd48c6\" data-element_type=\"section\">\n\t\t\t\t\t\t<div class=\"elementor-container elementor-column-gap-default\">\n\t\t\t\t\t<div class=\"elementor-column elementor-col-100 elementor-top-column elementor-element elementor-element-f35eba9\" data-id=\"f35eba9\" data-element_type=\"column\">\n\t\t\t<div class=\"elementor-widget-wrap elementor-element-populated\">\n\t\t\t\t\t\t<div class=\"elementor-element elementor-element-a72ed9f elementor-widget elementor-widget-spacer\" data-id=\"a72ed9f\" data-element_type=\"widget\" data-widget_type=\"spacer.default\">\n\t\t\t\t<div class=\"elementor-widget-container\">\n\t\t\t\t\t<div class=\"elementor-spacer\">\n\t\t\t<div class=\"elementor-spacer-inner\"><\/div>\n\t\t<\/div>\n\t\t\t\t<\/div>\n\t\t\t\t<\/div>\n\t\t\t\t\t<\/div>\n\t\t<\/div>\n\t\t\t\t\t<\/div>\n\t\t<\/section>\n\t\t\t\t<section class=\"elementor-section elementor-top-section elementor-element elementor-element-6e0bef9 elementor-section-boxed elementor-section-height-default elementor-section-height-default\" data-id=\"6e0bef9\" data-element_type=\"section\">\n\t\t\t\t\t\t<div class=\"elementor-container elementor-column-gap-default\">\n\t\t\t\t\t<div class=\"elementor-column elementor-col-100 elementor-top-column elementor-element elementor-element-2a60334\" data-id=\"2a60334\" data-element_type=\"column\">\n\t\t\t<div class=\"elementor-widget-wrap elementor-element-populated\">\n\t\t\t\t\t\t<div class=\"elementor-element elementor-element-cb2f3b1 elementor-widget elementor-widget-shortcode\" data-id=\"cb2f3b1\" data-element_type=\"widget\" data-widget_type=\"shortcode.default\">\n\t\t\t\t<div class=\"elementor-widget-container\">\n\t\t\t\t\t<div class=\"elementor-shortcode\"><pre class=\"ti-widget\" style=\"display: none\"><div class=\"ti-widget ti-goog ti-no-logo ti-no-profile-img ti-show-rating-text ti-review-text-mode-readmore ti-text-align-left\" data-no-translation=\"true\" data-layout-id=\"5\" data-set-id=\"light-background\" data-pid=\"\" data-pager-autoplay-timeout=\"6\" data-review-target-width=\"275\" data-language=\"es\" > <div class=\"ti-widget-container ti-col-4\"> <div class=\"ti-footer source-Google\"> <div class=\"ti-rating-text\"> <strong class=\"ti-rating\"> Excelente <\/strong> <\/div> <span class=\"ti-stars star-lg\"> <span class=\"ti-star f\"><\/span><span class=\"ti-star f\"><\/span><span class=\"ti-star f\"><\/span><span class=\"ti-star f\"><\/span><span class=\"ti-star h\"><\/span> <\/span> <div class=\"ti-rating-text\"> <span class=\"nowrap\">A base de <strong>28 rese\u00f1as<\/strong><\/span> <\/div> <div class=\"ti-large-logo\"> <div class=\"ti-v-center\"> <img loading=\"lazy\" decoding=\"async\" class=\"ti-logo-fb\" src=\"https:\/\/cdn.trustindex.io\/assets\/platform\/Google\/logo.svg\" width=\"150\" height=\"25\" alt=\"Google\" \/> <\/div> <\/div> <\/div> <div class=\"ti-reviews-container\"> <div class=\"ti-controls\"> <div class=\"ti-next\"><\/div> <div class=\"ti-prev\"><\/div> <\/div> <div class=\"ti-reviews-container-wrapper\">  <div data-empty=\"0\" class=\"ti-review-item source-Google\" > <div class=\"ti-inner\"> <div class=\"ti-review-header\">  <div class=\"ti-profile-details\"> <div class=\"ti-name\"> Roberto Martin <\/div> <div class=\"ti-date\">10\/07\/2021<\/div> <\/div> <\/div> <span class=\"ti-stars\"><span class=\"ti-star f\"><\/span><span class=\"ti-star f\"><\/span><span class=\"ti-star f\"><\/span><span class=\"ti-star f\"><\/span><span class=\"ti-star f\"><\/span><span class=\"ti-verified-review ti-verified-platform\"><span class=\"ti-verified-tooltip\">Trustindex verifica que la fuente original de la rese\u00f1a sea Google.<\/span><\/span><\/span> <div class=\"ti-review-text-container ti-review-content\"><!-- R-CONTENT -->Family supermarket. High quality products. Experience and friendly staff.\nI find out that they offer home delivery and online shop. They also have mobile top-ups for foreign companies.\n*updated*\nI need to include some pictures... drink... bread... jam\u00f3n<!-- R-CONTENT --><\/div> <span class=\"ti-read-more\" data-container=\".ti-review-content\" data-collapse-text=\"Ocultar\" data-open-text=\"Leer m\u00e1s\" ><\/span> <\/div> <\/div>  <div data-empty=\"0\" class=\"ti-review-item source-Google\" > <div class=\"ti-inner\"> <div class=\"ti-review-header\">  <div class=\"ti-profile-details\"> <div class=\"ti-name\"> Tino Berninches <\/div> <div class=\"ti-date\">12\/12\/2020<\/div> <\/div> <\/div> <span class=\"ti-stars\"><span class=\"ti-star f\"><\/span><span class=\"ti-star f\"><\/span><span class=\"ti-star f\"><\/span><span class=\"ti-star f\"><\/span><span class=\"ti-star f\"><\/span><span class=\"ti-verified-review ti-verified-platform\"><span class=\"ti-verified-tooltip\">Trustindex verifica que la fuente original de la rese\u00f1a sea Google.<\/span><\/span><\/span> <div class=\"ti-review-text-container ti-review-content\"><!-- R-CONTENT -->Espectacular servicio y g\u00e9nero. 100% calidad<!-- R-CONTENT --><\/div> <span class=\"ti-read-more\" data-container=\".ti-review-content\" data-collapse-text=\"Ocultar\" data-open-text=\"Leer m\u00e1s\" ><\/span> <\/div> <\/div>  <div data-empty=\"0\" class=\"ti-review-item source-Google\" > <div class=\"ti-inner\"> <div class=\"ti-review-header\">  <div class=\"ti-profile-details\"> <div class=\"ti-name\"> Jesus Arnillas Salan <\/div> <div class=\"ti-date\">21\/10\/2020<\/div> <\/div> <\/div> <span class=\"ti-stars\"><span class=\"ti-star f\"><\/span><span class=\"ti-star f\"><\/span><span class=\"ti-star f\"><\/span><span class=\"ti-star f\"><\/span><span class=\"ti-star f\"><\/span><span class=\"ti-verified-review ti-verified-platform\"><span class=\"ti-verified-tooltip\">Trustindex verifica que la fuente original de la rese\u00f1a sea Google.<\/span><\/span><\/span> <div class=\"ti-review-text-container ti-review-content\"><!-- R-CONTENT -->Simp\u00e1ticos y amables con servicio a domicilio. Productos caseros de Segovia riqu\u00edsimos.<!-- R-CONTENT --><\/div> <span class=\"ti-read-more\" data-container=\".ti-review-content\" data-collapse-text=\"Ocultar\" data-open-text=\"Leer m\u00e1s\" ><\/span> <\/div> <\/div>  <div data-empty=\"0\" class=\"ti-review-item source-Google\" > <div class=\"ti-inner\"> <div class=\"ti-review-header\">  <div class=\"ti-profile-details\"> <div class=\"ti-name\"> Maria Torrubias Sierra <\/div> <div class=\"ti-date\">04\/06\/2020<\/div> <\/div> <\/div> <span class=\"ti-stars\"><span class=\"ti-star f\"><\/span><span class=\"ti-star f\"><\/span><span class=\"ti-star f\"><\/span><span class=\"ti-star f\"><\/span><span class=\"ti-star f\"><\/span><span class=\"ti-verified-review ti-verified-platform\"><span class=\"ti-verified-tooltip\">Trustindex verifica que la fuente original de la rese\u00f1a sea Google.<\/span><\/span><\/span> <div class=\"ti-review-text-container ti-review-content\"><!-- R-CONTENT -->Atenci\u00f3n perfecta, productos selectos y de gran calidad<!-- R-CONTENT --><\/div> <span class=\"ti-read-more\" data-container=\".ti-review-content\" data-collapse-text=\"Ocultar\" data-open-text=\"Leer m\u00e1s\" ><\/span> <\/div> <\/div>  <div data-empty=\"0\" class=\"ti-review-item source-Google\" > <div class=\"ti-inner\"> <div class=\"ti-review-header\">  <div class=\"ti-profile-details\"> <div class=\"ti-name\"> MM M.A. <\/div> <div class=\"ti-date\">07\/01\/2020<\/div> <\/div> <\/div> <span class=\"ti-stars\"><span class=\"ti-star f\"><\/span><span class=\"ti-star f\"><\/span><span class=\"ti-star f\"><\/span><span class=\"ti-star f\"><\/span><span class=\"ti-star f\"><\/span><span class=\"ti-verified-review ti-verified-platform\"><span class=\"ti-verified-tooltip\">Trustindex verifica que la fuente original de la rese\u00f1a sea Google.<\/span><\/span><\/span> <div class=\"ti-review-text-container ti-review-content\"><!-- R-CONTENT -->60 a\u00f1os abiertos no se consiguen solo con una llave. Espectacular charcuter\u00eda, morcillas segovianas y productos para barbacoa insuperables. Delicatessen que no se encuentran en los Centros Comerciales.\nGracias por estar ah\u00ed al pie del ca\u00f1\u00f3n a Julita y Fernando.<!-- R-CONTENT --><\/div> <span class=\"ti-read-more\" data-container=\".ti-review-content\" data-collapse-text=\"Ocultar\" data-open-text=\"Leer m\u00e1s\" ><\/span> <\/div> <\/div>  <div data-empty=\"0\" class=\"ti-review-item source-Google\" > <div class=\"ti-inner\"> <div class=\"ti-review-header\">  <div class=\"ti-profile-details\"> <div class=\"ti-name\"> Marian Moreno <\/div> <div class=\"ti-date\">16\/12\/2019<\/div> <\/div> <\/div> <span class=\"ti-stars\"><span class=\"ti-star f\"><\/span><span class=\"ti-star f\"><\/span><span class=\"ti-star f\"><\/span><span class=\"ti-star f\"><\/span><span class=\"ti-star f\"><\/span><span class=\"ti-verified-review ti-verified-platform\"><span class=\"ti-verified-tooltip\">Trustindex verifica que la fuente original de la rese\u00f1a sea Google.<\/span><\/span><\/span> <div class=\"ti-review-text-container ti-review-content\"><!-- R-CONTENT -->Productos que no encuentras en cualquier sitio<!-- R-CONTENT --><\/div> <span class=\"ti-read-more\" data-container=\".ti-review-content\" data-collapse-text=\"Ocultar\" data-open-text=\"Leer m\u00e1s\" ><\/span> <\/div> <\/div>  <\/div> <div class=\"ti-controls-line\"> <div class=\"dot\"><\/div> <\/div>  <\/div> <\/div> <\/div><\/pre><\/div>\n\t\t\t\t<\/div>\n\t\t\t\t<\/div>\n\t\t\t\t\t<\/div>\n\t\t<\/div>\n\t\t\t\t\t<\/div>\n\t\t<\/section>\n\t\t\t\t<section class=\"elementor-section elementor-top-section elementor-element elementor-element-b3ae67f elementor-section-boxed elementor-section-height-default elementor-section-height-default\" data-id=\"b3ae67f\" data-element_type=\"section\">\n\t\t\t\t\t\t<div class=\"elementor-container elementor-column-gap-default\">\n\t\t\t\t\t<div class=\"elementor-column elementor-col-100 elementor-top-column elementor-element elementor-element-41b093b\" data-id=\"41b093b\" data-element_type=\"column\">\n\t\t\t<div class=\"elementor-widget-wrap elementor-element-populated\">\n\t\t\t\t\t\t<div class=\"elementor-element elementor-element-3bb0339 elementor-widget elementor-widget-spacer\" data-id=\"3bb0339\" data-element_type=\"widget\" data-widget_type=\"spacer.default\">\n\t\t\t\t<div class=\"elementor-widget-container\">\n\t\t\t\t\t<div class=\"elementor-spacer\">\n\t\t\t<div class=\"elementor-spacer-inner\"><\/div>\n\t\t<\/div>\n\t\t\t\t<\/div>\n\t\t\t\t<\/div>\n\t\t\t\t\t<\/div>\n\t\t<\/div>\n\t\t\t\t\t<\/div>\n\t\t<\/section>\n\t\t\t\t<\/div>\n\t\t","protected":false},"excerpt":{"rendered":"","protected":false},"author":1,"featured_media":0,"parent":0,"menu_order":1,"comment_status":"closed","ping_status":"closed","template":"elementor_header_footer","meta":{"footnotes":""},"class_list":["post-55","page","type-page","status-publish"],"yoast_head":"<!-- This site is optimized with the Yoast SEO plugin v23.2 - https:\/\/yoast.com\/wordpress\/plugins\/seo\/ -->\n<title>&quot;El Teide&quot; Supermercado - Principal<\/title>\n<meta name=\"description\" content=\"Desde 1960. Especialidad en charcuter\u00eda y productos caseros de matanza. Corderos y Cochinillos de Segovia 100% Libres de al\u00e9rgenos.\" \/>\n<meta name=\"robots\" content=\"index, follow, max-snippet:-1, max-image-preview:large, max-video-preview:-1\" \/>\n<link rel=\"canonical\" href=\"https:\/\/www.grupoelteide.com\/supermercado\/\" \/>\n<meta property=\"og:locale\" content=\"es_ES\" \/>\n<meta property=\"og:type\" content=\"article\" \/>\n<meta property=\"og:title\" content=\"&quot;El Teide&quot; Supermercado - Principal\" \/>\n<meta property=\"og:description\" content=\"Desde 1960. Especialidad en charcuter\u00eda y productos caseros de matanza. Corderos y Cochinillos de Segovia 100% Libres de al\u00e9rgenos.\" \/>\n<meta property=\"og:url\" content=\"https:\/\/www.grupoelteide.com\/supermercado\/\" \/>\n<meta property=\"og:site_name\" content=\"&quot;El Teide&quot; Supermercado\" \/>\n<meta property=\"article:publisher\" content=\"https:\/\/www.facebook.com\/Grupo-El-Teide-1609186379358008\" \/>\n<meta property=\"article:modified_time\" content=\"2022-09-10T11:23:03+00:00\" \/>\n<meta property=\"og:image\" content=\"http:\/\/www.grupoelteide.com\/supermercado\/wp-content\/uploads\/supermercado_el_teide_05.jpg\" \/>\n<meta name=\"twitter:card\" content=\"summary_large_image\" \/>\n<meta name=\"twitter:site\" content=\"@Superelteide\" \/>\n<meta name=\"twitter:label1\" content=\"Tiempo de lectura\" \/>\n\t<meta name=\"twitter:data1\" content=\"4 minutos\" \/>\n<script type=\"application\/ld+json\" class=\"yoast-schema-graph\">{\"@context\":\"https:\/\/schema.org\",\"@graph\":[{\"@type\":\"WebPage\",\"@id\":\"https:\/\/www.grupoelteide.com\/supermercado\/\",\"url\":\"https:\/\/www.grupoelteide.com\/supermercado\/\",\"name\":\"&quot;El Teide&quot; Supermercado - Principal\",\"isPartOf\":{\"@id\":\"https:\/\/www.grupoelteide.com\/supermercado\/#website\"},\"primaryImageOfPage\":{\"@id\":\"https:\/\/www.grupoelteide.com\/supermercado\/#primaryimage\"},\"image\":{\"@id\":\"https:\/\/www.grupoelteide.com\/supermercado\/#primaryimage\"},\"thumbnailUrl\":\"http:\/\/www.grupoelteide.com\/supermercado\/wp-content\/uploads\/supermercado_el_teide_05.jpg\",\"datePublished\":\"2021-03-16T16:50:46+00:00\",\"dateModified\":\"2022-09-10T11:23:03+00:00\",\"description\":\"Desde 1960. Especialidad en charcuter\u00eda y productos caseros de matanza. Corderos y Cochinillos de Segovia 100% Libres de al\u00e9rgenos.\",\"breadcrumb\":{\"@id\":\"https:\/\/www.grupoelteide.com\/supermercado\/#breadcrumb\"},\"inLanguage\":\"es\",\"potentialAction\":[{\"@type\":\"ReadAction\",\"target\":[\"https:\/\/www.grupoelteide.com\/supermercado\/\"]}]},{\"@type\":\"ImageObject\",\"inLanguage\":\"es\",\"@id\":\"https:\/\/www.grupoelteide.com\/supermercado\/#primaryimage\",\"url\":\"https:\/\/www.grupoelteide.com\/supermercado\/wp-content\/uploads\/supermercado_el_teide_05.jpg\",\"contentUrl\":\"https:\/\/www.grupoelteide.com\/supermercado\/wp-content\/uploads\/supermercado_el_teide_05.jpg\",\"width\":2000,\"height\":800},{\"@type\":\"BreadcrumbList\",\"@id\":\"https:\/\/www.grupoelteide.com\/supermercado\/#breadcrumb\",\"itemListElement\":[{\"@type\":\"ListItem\",\"position\":1,\"name\":\"Portada\",\"item\":\"https:\/\/www.grupoelteide.com\/supermercado\/\"},{\"@type\":\"ListItem\",\"position\":2,\"name\":\"Principal\"}]},{\"@type\":\"WebSite\",\"@id\":\"https:\/\/www.grupoelteide.com\/supermercado\/#website\",\"url\":\"https:\/\/www.grupoelteide.com\/supermercado\/\",\"name\":\"&quot;El Teide&quot; Supermercado\",\"description\":\"www.grupoelteide.com\",\"publisher\":{\"@id\":\"https:\/\/www.grupoelteide.com\/supermercado\/#organization\"},\"potentialAction\":[{\"@type\":\"SearchAction\",\"target\":{\"@type\":\"EntryPoint\",\"urlTemplate\":\"https:\/\/www.grupoelteide.com\/supermercado\/?s={search_term_string}\"},\"query-input\":\"required name=search_term_string\"}],\"inLanguage\":\"es\"},{\"@type\":\"Organization\",\"@id\":\"https:\/\/www.grupoelteide.com\/supermercado\/#organization\",\"name\":\"Grupo El Teide\",\"url\":\"https:\/\/www.grupoelteide.com\/supermercado\/\",\"logo\":{\"@type\":\"ImageObject\",\"inLanguage\":\"es\",\"@id\":\"https:\/\/www.grupoelteide.com\/supermercado\/#\/schema\/logo\/image\/\",\"url\":\"http:\/\/www.grupoelteide.com\/supermercado\/wp-content\/uploads\/2021\/03\/supermercado_elteide_logo_01.jpg\",\"contentUrl\":\"http:\/\/www.grupoelteide.com\/supermercado\/wp-content\/uploads\/2021\/03\/supermercado_elteide_logo_01.jpg\",\"width\":1837,\"height\":735,\"caption\":\"Grupo El Teide\"},\"image\":{\"@id\":\"https:\/\/www.grupoelteide.com\/supermercado\/#\/schema\/logo\/image\/\"},\"sameAs\":[\"https:\/\/www.facebook.com\/Grupo-El-Teide-1609186379358008\",\"https:\/\/x.com\/Superelteide\",\"https:\/\/www.instagram.com\/superelteide\/\"]}]}<\/script>\n<!-- \/ Yoast SEO plugin. -->","yoast_head_json":{"title":"&quot;El Teide&quot; Supermercado - Principal","description":"Desde 1960. Especialidad en charcuter\u00eda y productos caseros de matanza. Corderos y Cochinillos de Segovia 100% Libres de al\u00e9rgenos.","robots":{"index":"index","follow":"follow","max-snippet":"max-snippet:-1","max-image-preview":"max-image-preview:large","max-video-preview":"max-video-preview:-1"},"canonical":"https:\/\/www.grupoelteide.com\/supermercado\/","og_locale":"es_ES","og_type":"article","og_title":"&quot;El Teide&quot; Supermercado - Principal","og_description":"Desde 1960. Especialidad en charcuter\u00eda y productos caseros de matanza. Corderos y Cochinillos de Segovia 100% Libres de al\u00e9rgenos.","og_url":"https:\/\/www.grupoelteide.com\/supermercado\/","og_site_name":"&quot;El Teide&quot; Supermercado","article_publisher":"https:\/\/www.facebook.com\/Grupo-El-Teide-1609186379358008","article_modified_time":"2022-09-10T11:23:03+00:00","og_image":[{"url":"http:\/\/www.grupoelteide.com\/supermercado\/wp-content\/uploads\/supermercado_el_teide_05.jpg"}],"twitter_card":"summary_large_image","twitter_site":"@Superelteide","twitter_misc":{"Tiempo de lectura":"4 minutos"},"schema":{"@context":"https:\/\/schema.org","@graph":[{"@type":"WebPage","@id":"https:\/\/www.grupoelteide.com\/supermercado\/","url":"https:\/\/www.grupoelteide.com\/supermercado\/","name":"&quot;El Teide&quot; Supermercado - Principal","isPartOf":{"@id":"https:\/\/www.grupoelteide.com\/supermercado\/#website"},"primaryImageOfPage":{"@id":"https:\/\/www.grupoelteide.com\/supermercado\/#primaryimage"},"image":{"@id":"https:\/\/www.grupoelteide.com\/supermercado\/#primaryimage"},"thumbnailUrl":"http:\/\/www.grupoelteide.com\/supermercado\/wp-content\/uploads\/supermercado_el_teide_05.jpg","datePublished":"2021-03-16T16:50:46+00:00","dateModified":"2022-09-10T11:23:03+00:00","description":"Desde 1960. Especialidad en charcuter\u00eda y productos caseros de matanza. Corderos y Cochinillos de Segovia 100% Libres de al\u00e9rgenos.","breadcrumb":{"@id":"https:\/\/www.grupoelteide.com\/supermercado\/#breadcrumb"},"inLanguage":"es","potentialAction":[{"@type":"ReadAction","target":["https:\/\/www.grupoelteide.com\/supermercado\/"]}]},{"@type":"ImageObject","inLanguage":"es","@id":"https:\/\/www.grupoelteide.com\/supermercado\/#primaryimage","url":"https:\/\/www.grupoelteide.com\/supermercado\/wp-content\/uploads\/supermercado_el_teide_05.jpg","contentUrl":"https:\/\/www.grupoelteide.com\/supermercado\/wp-content\/uploads\/supermercado_el_teide_05.jpg","width":2000,"height":800},{"@type":"BreadcrumbList","@id":"https:\/\/www.grupoelteide.com\/supermercado\/#breadcrumb","itemListElement":[{"@type":"ListItem","position":1,"name":"Portada","item":"https:\/\/www.grupoelteide.com\/supermercado\/"},{"@type":"ListItem","position":2,"name":"Principal"}]},{"@type":"WebSite","@id":"https:\/\/www.grupoelteide.com\/supermercado\/#website","url":"https:\/\/www.grupoelteide.com\/supermercado\/","name":"&quot;El Teide&quot; Supermercado","description":"www.grupoelteide.com","publisher":{"@id":"https:\/\/www.grupoelteide.com\/supermercado\/#organization"},"potentialAction":[{"@type":"SearchAction","target":{"@type":"EntryPoint","urlTemplate":"https:\/\/www.grupoelteide.com\/supermercado\/?s={search_term_string}"},"query-input":"required name=search_term_string"}],"inLanguage":"es"},{"@type":"Organization","@id":"https:\/\/www.grupoelteide.com\/supermercado\/#organization","name":"Grupo El Teide","url":"https:\/\/www.grupoelteide.com\/supermercado\/","logo":{"@type":"ImageObject","inLanguage":"es","@id":"https:\/\/www.grupoelteide.com\/supermercado\/#\/schema\/logo\/image\/","url":"http:\/\/www.grupoelteide.com\/supermercado\/wp-content\/uploads\/2021\/03\/supermercado_elteide_logo_01.jpg","contentUrl":"http:\/\/www.grupoelteide.com\/supermercado\/wp-content\/uploads\/2021\/03\/supermercado_elteide_logo_01.jpg","width":1837,"height":735,"caption":"Grupo El Teide"},"image":{"@id":"https:\/\/www.grupoelteide.com\/supermercado\/#\/schema\/logo\/image\/"},"sameAs":["https:\/\/www.facebook.com\/Grupo-El-Teide-1609186379358008","https:\/\/x.com\/Superelteide","https:\/\/www.instagram.com\/superelteide\/"]}]}},"_links":{"self":[{"href":"https:\/\/www.grupoelteide.com\/supermercado\/wp-json\/wp\/v2\/pages\/55","targetHints":{"allow":["GET"]}}],"collection":[{"href":"https:\/\/www.grupoelteide.com\/supermercado\/wp-json\/wp\/v2\/pages"}],"about":[{"href":"https:\/\/www.grupoelteide.com\/supermercado\/wp-json\/wp\/v2\/types\/page"}],"author":[{"embeddable":true,"href":"https:\/\/www.grupoelteide.com\/supermercado\/wp-json\/wp\/v2\/users\/1"}],"replies":[{"embeddable":true,"href":"https:\/\/www.grupoelteide.com\/supermercado\/wp-json\/wp\/v2\/comments?post=55"}],"version-history":[{"count":52,"href":"https:\/\/www.grupoelteide.com\/supermercado\/wp-json\/wp\/v2\/pages\/55\/revisions"}],"predecessor-version":[{"id":800,"href":"https:\/\/www.grupoelteide.com\/supermercado\/wp-json\/wp\/v2\/pages\/55\/revisions\/800"}],"wp:attachment":[{"href":"https:\/\/www.grupoelteide.com\/supermercado\/wp-json\/wp\/v2\/media?parent=55"}],"curies":[{"name":"wp","href":"https:\/\/api.w.org\/{rel}","templated":true}]}}